{"id":19,"date":"2022-09-28T21:58:56","date_gmt":"2022-09-28T21:58:56","guid":{"rendered":"https:\/\/www.mortonsubastas.com\/subastando\/?page_id=19"},"modified":"2022-09-28T23:15:56","modified_gmt":"2022-09-28T23:15:56","slug":"el-nuevo-umoma-abre-sus-puertas-2","status":"publish","type":"page","link":"https:\/\/subastando.mortonsubastas.com\/","title":{"rendered":"Subastando."},"content":{"rendered":"<div class=\"vce-row-container\"><div class=\"vce-row vce-row--col-gap-30 vce-row-equal-height vce-row-content--top\" id=\"el-f3eb58ea\" data-vce-do-apply=\"all el-f3eb58ea\" data-vce-full-width=\"true\" data-vce-stretch-content=\"true\"><div class=\"vce-row-content\" data-vce-element-content=\"true\"><div class=\"vce-col vce-col--md-auto vce-col--xs-1 vce-col--xs-last vce-col--xs-first vce-col--sm-last vce-col--sm-first vce-col--md-last vce-col--lg-last vce-col--xl-last vce-col--md-first vce-col--lg-first vce-col--xl-first\" id=\"el-51b7ffd5\"><div class=\"vce-col-inner\" data-vce-do-apply=\"border margin background  el-51b7ffd5\"><div class=\"vce-col-content\" data-vce-element-content=\"true\" data-vce-do-apply=\"padding el-51b7ffd5\"><div class=\"vce-text-block\"><div class=\"vce-text-block-wrapper vce\" id=\"el-bced79fb\" data-vce-do-apply=\"all el-bced79fb\"><lt-highlighter contenteditable=\"false\" style=\"display: none; z-index: 1 !important;\"><lt-div spellcheck=\"false\" class=\"lt-highlighter__wrapper\" style=\"width: 1229px !important; height: 60px !important; transform: none !important; transform-origin: 614.5px 30px !important; zoom: 1 !important;\"><lt-div class=\"lt-highlighter__scroll-element\" style=\"top: 0px !important; left: 0px !important; width: 1229px !important; height: 60px !important;\"><\/lt-div><\/lt-div><\/lt-highlighter><h2 style=\"text-align: center;\"><span style=\"color: #004d43;\">SUBASTAS DE LA SEMANA<\/span><\/h2><\/div><\/div><div class=\"vce-button--style-basic-container vce-button--style-basic-container--align-center\"><span class=\"vce-button--style-basic-wrapper vce\" id=\"el-c3097104\" data-vce-do-apply=\"margin el-c3097104\"><a class=\"vce-button vce-button--style-basic vce-button--style-basic--border-rounded vce-button--style-basic--size-medium vce-button--style-basic--color-b-0-77-67--fff\" href=\"https:\/\/www.mortonsubastas.com\/subastas\/calendario\/\" title=\"Ver Calendario\" data-vce-do-apply=\"padding border background  el-c3097104\">Ver Calendario<\/a><\/span><\/div><\/div><\/div><\/div><\/div><\/div><\/div><div class=\"vce-row-container\"><div class=\"vce-row vce-row--col-gap-30 vce-row-equal-height vce-row-content--top\" data-vce-full-width=\"true\" data-vce-stretch-content=\"true\" id=\"el-e24b47b2\" data-vce-do-apply=\"all el-e24b47b2\"><div class=\"vce-content-background-container\"><\/div><div class=\"vce-row-content\" data-vce-element-content=\"true\"><div class=\"vce-col vce-col--md-auto vce-col--xs-1 vce-col--xs-last vce-col--xs-first vce-col--sm-last vce-col--sm-first vce-col--md-first vce-col--lg-first vce-col--xl-first\" id=\"el-2ec470c0\"><div class=\"vce-col-inner\" data-vce-do-apply=\"border margin background  el-2ec470c0\"><div class=\"vce-col-content\" data-vce-element-content=\"true\" data-vce-do-apply=\"padding el-2ec470c0\"><div class=\"vce-single-image-container vce-single-image--align-left\"><div class=\"vce vce-single-image-wrapper\" id=\"el-381a7a5c\" data-vce-do-apply=\"all el-381a7a5c\"><figure><div class=\"vce-single-image-figure-inner\" style=\"width: 800px;\"><div class=\"vce-single-image-inner vce-single-image--absolute\" style=\"width: 100%; padding-bottom: 66.625%;\"><img loading=\"lazy\" decoding=\"async\" class=\"vce-single-image\"  width=\"800\" height=\"533\" srcset=\"https:\/\/subastando.mortonsubastas.com\/wp-content\/uploads\/2022\/09\/mini_1091-1-320x213.jpg 320w, https:\/\/subastando.mortonsubastas.com\/wp-content\/uploads\/2022\/09\/mini_1091-1-480x320.jpg 480w, https:\/\/subastando.mortonsubastas.com\/wp-content\/uploads\/2022\/09\/mini_1091-1-800x533.jpg 800w\" src=\"https:\/\/subastando.mortonsubastas.com\/wp-content\/uploads\/2022\/09\/mini_1091-1-800x533.jpg\" data-img-src=\"https:\/\/subastando.mortonsubastas.com\/wp-content\/uploads\/2022\/09\/mini_1091-1.jpg\" data-attachment-id=\"55\"  alt=\"\" title=\"mini_1091\" \/><\/div><\/div><figcaption hidden=\"\"><\/figcaption><\/figure><\/div><\/div><div class=\"vce-text-block\"><div class=\"vce-text-block-wrapper vce\" id=\"el-7f9fe901\" data-vce-do-apply=\"all el-7f9fe901\"><h5>SUBASTA DE OBRA GR\u00c1FICA Y FOTOGRAF\u00cdA<\/h5><p>&nbsp;<\/p><p>Incluye Secci\u00f3n: Francisco Toledo y su Experimentaci\u00f3n Gr\u00e1fica.<\/p><p>Con el desarrollo de la gr\u00e1fica se generaron mayores v\u00edas de producci\u00f3n art\u00edstica; muchas veces superando sus propios medios.<\/p><\/div><\/div><\/div><\/div><\/div><div class=\"vce-col vce-col--md-auto vce-col--xs-1 vce-col--xs-last vce-col--xs-first vce-col--sm-last vce-col--sm-first\" id=\"el-539a48d8\"><div class=\"vce-col-inner\" data-vce-do-apply=\"border margin background  el-539a48d8\"><div class=\"vce-col-content\" data-vce-element-content=\"true\" data-vce-do-apply=\"padding el-539a48d8\"><div class=\"vce-single-image-container vce-single-image--align-left\"><div class=\"vce vce-single-image-wrapper\" id=\"el-57809b3b\" data-vce-do-apply=\"all el-57809b3b\"><figure><div class=\"vce-single-image-figure-inner\" style=\"width: 800px;\"><div class=\"vce-single-image-inner vce-single-image--absolute\" style=\"width: 100%; padding-bottom: 66.625%;\"><img loading=\"lazy\" decoding=\"async\" class=\"vce-single-image\"  width=\"800\" height=\"533\" srcset=\"https:\/\/subastando.mortonsubastas.com\/wp-content\/uploads\/2022\/09\/mini_1086-1-320x213.jpg 320w, https:\/\/subastando.mortonsubastas.com\/wp-content\/uploads\/2022\/09\/mini_1086-1-480x320.jpg 480w, https:\/\/subastando.mortonsubastas.com\/wp-content\/uploads\/2022\/09\/mini_1086-1-800x533.jpg 800w\" src=\"https:\/\/subastando.mortonsubastas.com\/wp-content\/uploads\/2022\/09\/mini_1086-1-800x533.jpg\" data-img-src=\"https:\/\/subastando.mortonsubastas.com\/wp-content\/uploads\/2022\/09\/mini_1086-1.jpg\" data-attachment-id=\"56\"  alt=\"\" title=\"mini_1086\" \/><\/div><\/div><figcaption hidden=\"\"><\/figcaption><\/figure><\/div><\/div><div class=\"vce-text-block\"><div class=\"vce-text-block-wrapper vce\" id=\"el-780f2cf9\" data-vce-do-apply=\"all el-780f2cf9\"><lt-highlighter contenteditable=\"false\" style=\"display: none; z-index: 1 !important;\"><lt-div spellcheck=\"false\" class=\"lt-highlighter__wrapper\" style=\"width: 389.672px !important; height: 240.906px !important; transform: none !important; transform-origin: 194.836px 120.453px !important; zoom: 1 !important;\"><lt-div class=\"lt-highlighter__scroll-element\" style=\"top: 0px !important; left: 0px !important; width: 389.672px !important; height: 240.906px !important;\"><canvas class=\"lt-highlighter__canvas\" width=\"39\" height=\"28\" style=\"display: none; top: 87px !important; left: 150px !important;\"><\/canvas><\/lt-div><\/lt-div><\/lt-highlighter><h5>Subasta de Arte Mexicano<\/h5><p>La historia del arte en M\u00e9xico, especialmente la de los siglos XX y XXI est\u00e1 compuesta de generaciones diversas y complejas de artistas, t\u00e9cnicas, narraciones y tiempos que se superponen para hablar a veces sobre M\u00e9xico y otras desde el mismo.<\/p><\/div><\/div><\/div><\/div><\/div><div class=\"vce-col vce-col--md-auto vce-col--xs-1 vce-col--xs-last vce-col--xs-first vce-col--sm-last vce-col--sm-first vce-col--md-last vce-col--lg-last vce-col--xl-last\" id=\"el-afecb50f\"><div class=\"vce-col-inner\" data-vce-do-apply=\"border margin background  el-afecb50f\"><div class=\"vce-col-content\" data-vce-element-content=\"true\" data-vce-do-apply=\"padding el-afecb50f\"><div class=\"vce-single-image-container vce-single-image--align-left\"><div class=\"vce vce-single-image-wrapper\" id=\"el-a362b5aa\" data-vce-do-apply=\"all el-a362b5aa\"><figure><div class=\"vce-single-image-figure-inner\" style=\"width: 800px;\"><div class=\"vce-single-image-inner vce-single-image--absolute\" style=\"width: 100%; padding-bottom: 66.625%;\"><img loading=\"lazy\" decoding=\"async\" class=\"vce-single-image\"  width=\"800\" height=\"533\" srcset=\"https:\/\/subastando.mortonsubastas.com\/wp-content\/uploads\/2022\/09\/mini_1158T-320x213.jpg 320w, https:\/\/subastando.mortonsubastas.com\/wp-content\/uploads\/2022\/09\/mini_1158T-480x320.jpg 480w, https:\/\/subastando.mortonsubastas.com\/wp-content\/uploads\/2022\/09\/mini_1158T-800x533.jpg 800w\" src=\"https:\/\/subastando.mortonsubastas.com\/wp-content\/uploads\/2022\/09\/mini_1158T-800x533.jpg\" data-img-src=\"https:\/\/subastando.mortonsubastas.com\/wp-content\/uploads\/2022\/09\/mini_1158T.jpg\" data-attachment-id=\"57\"  alt=\"\" title=\"mini_1158T\" \/><\/div><\/div><figcaption hidden=\"\"><\/figcaption><\/figure><\/div><\/div><div class=\"vce-text-block\"><div class=\"vce-text-block-wrapper vce\" id=\"el-bb2728ae\" data-vce-do-apply=\"all el-bb2728ae\"><lt-highlighter contenteditable=\"false\" style=\"display: none; z-index: 1 !important;\"><lt-div spellcheck=\"false\" class=\"lt-highlighter__wrapper\" style=\"width: 389.672px !important; height: 229.938px !important; transform: none !important; transform-origin: 194.836px 114.969px !important; zoom: 1 !important;\"><lt-div class=\"lt-highlighter__scroll-element\" style=\"top: 0px !important; left: 0px !important; width: 389.672px !important; height: 229.938px !important;\"><\/lt-div><\/lt-div><\/lt-highlighter><h5>S\u00e1bados de Morton. Oportunidades 1158<\/h5><p>Esta semana hemos reunido una extraordinaria selecci\u00f3n de m\u00e1s de 300 lotes que pueden dar un toque cl\u00e1sico o vintage a sus espacios.<\/p><p>&nbsp;<\/p><\/div><\/div><\/div><\/div><\/div><\/div><\/div><\/div><div class=\"vce-row-container\"><div class=\"vce-row vce-row--col-gap-30 vce-row-equal-height vce-row-content--top\" id=\"el-95c03b9c\" data-vce-do-apply=\"all el-95c03b9c\" data-vce-full-width=\"true\" data-vce-stretch-content=\"true\"><div class=\"vce-content-background-container\"><\/div><div class=\"vce-row-content\" data-vce-element-content=\"true\"><div class=\"vce-col vce-col--md-auto vce-col--xs-1 vce-col--xs-last vce-col--xs-first vce-col--sm-last vce-col--sm-first vce-col--md-first vce-col--lg-first vce-col--xl-first\" id=\"el-7561b2de\"><div class=\"vce-col-inner\" data-vce-do-apply=\"border margin background  el-7561b2de\"><div class=\"vce-col-content\" data-vce-element-content=\"true\" data-vce-do-apply=\"padding el-7561b2de\"><div class=\"vce-single-image-container vce-single-image--align-left\"><div class=\"vce vce-single-image-wrapper\" id=\"el-a1ef359d\" data-vce-do-apply=\"all el-a1ef359d\"><figure><div class=\"vce-single-image-figure-inner\" style=\"width: 800px;\"><div class=\"vce-single-image-inner vce-single-image--absolute\" style=\"width: 100%; padding-bottom: 66.625%;\"><img loading=\"lazy\" decoding=\"async\" class=\"vce-single-image\"  width=\"800\" height=\"533\" srcset=\"https:\/\/subastando.mortonsubastas.com\/wp-content\/uploads\/2022\/09\/mini_1087_2-320x213.jpg 320w, https:\/\/subastando.mortonsubastas.com\/wp-content\/uploads\/2022\/09\/mini_1087_2-480x320.jpg 480w, https:\/\/subastando.mortonsubastas.com\/wp-content\/uploads\/2022\/09\/mini_1087_2-800x533.jpg 800w\" src=\"https:\/\/subastando.mortonsubastas.com\/wp-content\/uploads\/2022\/09\/mini_1087_2-800x533.jpg\" data-img-src=\"https:\/\/subastando.mortonsubastas.com\/wp-content\/uploads\/2022\/09\/mini_1087_2.jpg\" data-attachment-id=\"58\"  alt=\"\" title=\"mini_1087_2\" \/><\/div><\/div><figcaption hidden=\"\"><\/figcaption><\/figure><\/div><\/div><div class=\"vce-text-block\"><div class=\"vce-text-block-wrapper vce\" id=\"el-d38d71ec\" data-vce-do-apply=\"all el-d38d71ec\"><h5>Subasta de Vinos de Colecci\u00f3n, Uso Diario y Destilados<\/h5><p>El vino es una bebida que ha estado presente durante a\u00f1os en todas las mesas del mundo y posee numerosas propiedades que han podido ser comprobadas por la ciencia a trav\u00e9s del tiempo.<\/p><\/div><\/div><\/div><\/div><\/div><div class=\"vce-col vce-col--md-auto vce-col--xs-1 vce-col--xs-last vce-col--xs-first vce-col--sm-last vce-col--sm-first\" id=\"el-7c6889ba\"><div class=\"vce-col-inner\" data-vce-do-apply=\"border margin background  el-7c6889ba\"><div class=\"vce-col-content\" data-vce-element-content=\"true\" data-vce-do-apply=\"padding el-7c6889ba\"><div><\/div><\/div><\/div><\/div><div class=\"vce-col vce-col--md-auto vce-col--xs-1 vce-col--xs-last vce-col--xs-first vce-col--sm-last vce-col--sm-first vce-col--md-last vce-col--lg-last vce-col--xl-last\" id=\"el-c217b288\"><div class=\"vce-col-inner\" data-vce-do-apply=\"border margin background  el-c217b288\"><div class=\"vce-col-content\" data-vce-element-content=\"true\" data-vce-do-apply=\"padding el-c217b288\"><div><\/div><\/div><\/div><\/div><\/div><\/div><\/div>","protected":false},"excerpt":{"rendered":"<p>SUBASTAS DE LA SEMANAVer CalendarioSUBASTA DE OBRA GR\u00c1FICA Y FOTOGRAF\u00cdA&nbsp;Incluye Secci\u00f3n: Francisco Toledo y su Experimentaci\u00f3n Gr\u00e1fica.Con el desarrollo de la gr\u00e1fica se generaron mayores v\u00edas de producci\u00f3n art\u00edstica; muchas veces superando sus propios medios.Subasta de Arte MexicanoLa historia del arte en M\u00e9xico, especialmente la de los siglos XX y XXI est\u00e1 compuesta de generaciones [&hellip;]<\/p>\n","protected":false},"author":1,"featured_media":0,"parent":0,"menu_order":0,"comment_status":"closed","ping_status":"closed","template":"","meta":{"footnotes":""},"_links":{"self":[{"href":"https:\/\/subastando.mortonsubastas.com\/index.php?rest_route=\/wp\/v2\/pages\/19"}],"collection":[{"href":"https:\/\/subastando.mortonsubastas.com\/index.php?rest_route=\/wp\/v2\/pages"}],"about":[{"href":"https:\/\/subastando.mortonsubastas.com\/index.php?rest_route=\/wp\/v2\/types\/page"}],"author":[{"embeddable":true,"href":"https:\/\/subastando.mortonsubastas.com\/index.php?rest_route=\/wp\/v2\/users\/1"}],"replies":[{"embeddable":true,"href":"https:\/\/subastando.mortonsubastas.com\/index.php?rest_route=%2Fwp%2Fv2%2Fcomments&post=19"}],"version-history":[{"count":7,"href":"https:\/\/subastando.mortonsubastas.com\/index.php?rest_route=\/wp\/v2\/pages\/19\/revisions"}],"predecessor-version":[{"id":59,"href":"https:\/\/subastando.mortonsubastas.com\/index.php?rest_route=\/wp\/v2\/pages\/19\/revisions\/59"}],"wp:attachment":[{"href":"https:\/\/subastando.mortonsubastas.com\/index.php?rest_route=%2Fwp%2Fv2%2Fmedia&parent=19"}],"curies":[{"name":"wp","href":"https:\/\/api.w.org\/{rel}","templated":true}]}}